{"id":7925,"date":"2025-07-31T08:55:18","date_gmt":"2025-07-31T08:55:18","guid":{"rendered":"https:\/\/africarunningtours.com\/?page_id=7925"},"modified":"2025-07-31T08:55:18","modified_gmt":"2025-07-31T08:55:18","slug":"home","status":"publish","type":"page","link":"https:\/\/africarunningtours.com\/de\/","title":{"rendered":"Home"},"content":{"rendered":"<p>[et_pb_section fb_built=&#8220;1&#8243; fullwidth=&#8220;on&#8220; admin_label=&#8220;Hero&#8220; _builder_version=&#8220;4.27.4&#8243; background_color=&#8220;RGBA(255,255,255,0)&#8220; parallax=&#8220;on&#8220; custom_padding=&#8220;0px|0px|0px|0px&#8220; global_colors_info=&#8220;{}&#8220;][et_pb_fullwidth_header title=&#8220;Africa Running Tours&#8220; background_overlay_color=&#8220;rgba(29,38,51,0.57)&#8220; content_max_width=&#8220;700px&#8220; admin_label=&#8220;Hero Section&#8220; _builder_version=&#8220;4.27.4&#8243; title_font=&#8220;Oswald|on||on|&#8220; title_font_size=&#8220;80px&#8220; title_line_height=&#8220;1.3em&#8220; content_font=&#8220;Roboto||||&#8220; content_font_size=&#8220;20px&#8220; background_color=&#8220;RGBA(255,255,255,0)&#8220; background_image=&#8220;https:\/\/africarunningtours.com\/wp-content\/uploads\/Nairobi-Marathon.jpg&#8220; parallax=&#8220;on&#8220; parallax_method=&#8220;on&#8220; custom_button_one=&#8220;on&#8220; button_one_border_radius=&#8220;0px&#8220; button_one_letter_spacing=&#8220;4px&#8220; button_one_font=&#8220;Oswald|on||on|&#8220; button_one_icon=&#8220;&#x24;||divi||400&#8243; button_one_icon_color=&#8220;#ffffff&#8220; custom_margin=&#8220;|||&#8220; custom_padding=&#8220;150px||150px|&#8220; custom_padding_tablet=&#8220;60px||60px|&#8220; custom_padding_phone=&#8220;&#8220; custom_padding_last_edited=&#8220;on|tablet&#8220; animation_style=&#8220;fade&#8220; animation_direction=&#8220;bottom&#8220; animation_duration=&#8220;1200ms&#8220; animation_starting_opacity=&#8220;20%&#8220; button_one_text_color_hover=&#8220;#ffffff&#8220; button_one_border_color_hover=&#8220;#ffffff&#8220; button_one_border_radius_hover=&#8220;0px&#8220; button_one_letter_spacing_hover=&#8220;4px&#8220; button_one_bg_color_hover=&#8220;rgba(0,0,0,0)&#8220; global_colors_info=&#8220;{}&#8220; button_one_text_size__hover_enabled=&#8220;off&#8220; button_two_text_size__hover_enabled=&#8220;off&#8220; button_one_text_color__hover_enabled=&#8220;on&#8220; button_one_text_color__hover=&#8220;#ffffff&#8220; button_two_text_color__hover_enabled=&#8220;off&#8220; button_one_border_width__hover_enabled=&#8220;off&#8220; button_two_border_width__hover_enabled=&#8220;off&#8220; button_one_border_color__hover_enabled=&#8220;on&#8220; button_one_border_color__hover=&#8220;#ffffff&#8220; button_two_border_color__hover_enabled=&#8220;off&#8220; button_one_border_radius__hover_enabled=&#8220;on&#8220; button_one_border_radius__hover=&#8220;0px&#8220; button_two_border_radius__hover_enabled=&#8220;off&#8220; button_one_letter_spacing__hover_enabled=&#8220;on&#8220; button_one_letter_spacing__hover=&#8220;4px&#8220; button_two_letter_spacing__hover_enabled=&#8220;off&#8220; button_one_bg_color__hover_enabled=&#8220;on&#8220; button_one_bg_color__hover=&#8220;rgba(0,0,0,0)&#8220; button_two_bg_color__hover_enabled=&#8220;off&#8220;]<\/p>\n<h2>Have a fantastic time and a lot of fun<\/h2>\n<p>[\/et_pb_fullwidth_header][\/et_pb_section][et_pb_section fb_built=&#8220;1&#8243; specialty=&#8220;on&#8220; _builder_version=&#8220;4.27.4&#8243; _module_preset=&#8220;default&#8220; custom_padding=&#8220;140px|||||&#8220; global_colors_info=&#8220;{}&#8220;][et_pb_column type=&#8220;1_2&#8243; specialty_columns=&#8220;2&#8243; _builder_version=&#8220;4.16&#8243; custom_padding=&#8220;|||&#8220; global_colors_info=&#8220;{}&#8220; custom_padding__hover=&#8220;|||&#8220;][et_pb_row_inner _builder_version=&#8220;4.27.4&#8243; _module_preset=&#8220;default&#8220; global_colors_info=&#8220;{}&#8220;][et_pb_column_inner saved_specialty_column_type=&#8220;1_2&#8243; _builder_version=&#8220;4.27.4&#8243; _module_preset=&#8220;default&#8220; global_colors_info=&#8220;{}&#8220;][et_pb_text admin_label=&#8220;Discover Beatuty Title&#8220; _builder_version=&#8220;4.27.4&#8243; text_font=&#8220;||||&#8220; text_text_color=&#8220;#1a1a1a&#8220; header_font=&#8220;Oswald|on||on|&#8220; header_text_align=&#8220;left&#8220; header_font_size=&#8220;60px&#8220; header_line_height=&#8220;1.3em&#8220; animation_style=&#8220;fade&#8220; animation_direction=&#8220;%22fade_in%22&#8243; animation_starting_opacity=&#8220;20%&#8220; header_font_size_tablet=&#8220;60px&#8220; header_font_size_phone=&#8220;42px&#8220; header_font_size_last_edited=&#8220;on|phone&#8220; global_colors_info=&#8220;{}&#8220;]<\/p>\n<h1>A warm Hello to All Running Enthusiasts!<\/h1>\n<p>[\/et_pb_text][et_pb_text admin_label=&#8220;Discover Beatuty Sub Title&#8220; _builder_version=&#8220;4.27.4&#8243; text_font=&#8220;Roboto||||&#8220; text_text_color=&#8220;#1a1a1a&#8220; text_font_size=&#8220;24px&#8220; text_line_height=&#8220;1.4em&#8220; custom_margin=&#8220;||4px|||&#8220; animation_style=&#8220;fade&#8220; animation_direction=&#8220;top&#8220; animation_delay=&#8220;100ms&#8220; animation_starting_opacity=&#8220;20%&#8220; global_colors_info=&#8220;{}&#8220;]<\/p>\n<p>Africa Running Tours is a division of Welcome Africa Tours, dedicated specifically to running-themed travel in Africa.<\/p>\n<p>[\/et_pb_text][et_pb_text disabled_on=&#8220;on|on|off%22%22&#8243; admin_label=&#8220;Discover Beatuty Text&#8220; _builder_version=&#8220;4.27.4&#8243; text_font=&#8220;Roboto||||&#8220; text_font_size=&#8220;16px&#8220; text_line_height=&#8220;1.9em&#8220; custom_padding=&#8220;30px|||&#8220; animation_style=&#8220;fade&#8220; animation_direction=&#8220;top&#8220; animation_delay=&#8220;300ms&#8220; animation_starting_opacity=&#8220;20%&#8220; global_colors_info=&#8220;{}&#8220;]<\/p>\n<p>We take runners of all levels to selected places in Africa with ideal training conditions, stunning trails and unique cultural experience. We also prepare hobby and professional runners for international competitions and assist them how to improve their performance. However, our main goal always remains to apreciate and enjoy the magic of being outdoors and training in some stunning locations. Whether you run at a speed of 3 min. \/ km. or 7 min. \/ km, it doesn\u2019t matter! Our team will find an individual approach for each participant No matter how fast or slow you are, our running tours and training camps always aim at reaching your personal goals by having a fantastic time and lots of fun. Last but not least, our selected accomodation and state of the art training facilities offer everything you will need for your perfect leisure running holiday or your more ambitious race preparation.<\/p>\n<p>[\/et_pb_text][\/et_pb_column_inner][\/et_pb_row_inner][\/et_pb_column][et_pb_column type=&#8220;1_2&#8243; _builder_version=&#8220;4.16&#8243; custom_padding=&#8220;|||&#8220; global_colors_info=&#8220;{}&#8220; custom_padding__hover=&#8220;|||&#8220;][et_pb_image src=&#8220;https:\/\/africarunningtours.com\/wp-content\/uploads\/nairobi-marathon.jpg&#8220; title_text=&#8220;MARATHON-KENYA&#8220; force_fullwidth=&#8220;on&#8220; align_tablet=&#8220;center&#8220; align_phone=&#8220;center&#8220; align_last_edited=&#8220;on|desktop&#8220; _builder_version=&#8220;4.27.4&#8243; custom_margin=&#8220;||||false|false&#8220; custom_padding=&#8220;||||false|false&#8220; animation_style=&#8220;fade&#8220; animation_direction=&#8220;right&#8220; animation_starting_opacity=&#8220;20%&#8220; border_radii=&#8220;on|5px|5px|5px|5px&#8220; animation=&#8220;fade_in&#8220; global_colors_info=&#8220;{}&#8220;][\/et_pb_image][\/et_pb_column][\/et_pb_section][et_pb_section fb_built=&#8220;1&#8243; custom_padding_last_edited=&#8220;on|desktop&#8220; admin_label=&#8220;section&#8220; module_class=&#8220;homedestinations&#8220; _builder_version=&#8220;4.27.4&#8243; background_color=&#8220;#ffffff&#8220; parallax=&#8220;on&#8220; parallax_method=&#8220;off&#8220; custom_padding=&#8220;5px||80px|||&#8220; custom_padding_tablet=&#8220;0px|0|50px|0||&#8220; custom_padding_phone=&#8220;&#8220; global_colors_info=&#8220;{}&#8220;][et_pb_row padding_mobile=&#8220;off&#8220; make_equal=&#8220;on&#8220; column_padding_mobile=&#8220;on&#8220; admin_label=&#8220;row&#8220; _builder_version=&#8220;4.27.4&#8243; background_size=&#8220;initial&#8220; background_position=&#8220;top_left&#8220; background_repeat=&#8220;repeat&#8220; custom_padding=&#8220;4px||3px|||&#8220; make_fullwidth=&#8220;off&#8220; use_custom_width=&#8220;off&#8220; width_unit=&#8220;on&#8220; global_colors_info=&#8220;{}&#8220;][et_pb_column type=&#8220;4_4&#8243; _builder_version=&#8220;4.16&#8243; custom_padding=&#8220;|||&#8220; global_colors_info=&#8220;{}&#8220; custom_padding__hover=&#8220;|||&#8220;][et_pb_text admin_label=&#8220;Discover Beatuty Title&#8220; _builder_version=&#8220;4.27.4&#8243; text_font=&#8220;||||&#8220; text_text_color=&#8220;#1a1a1a&#8220; header_font=&#8220;Oswald|on||on|&#8220; header_text_align=&#8220;left&#8220; header_font_size=&#8220;60px&#8220; header_line_height=&#8220;1.3em&#8220; header_2_font=&#8220;Oswald|700||on|||||&#8220; header_2_text_align=&#8220;left&#8220; header_2_font_size=&#8220;60px&#8220; animation_style=&#8220;fade&#8220; animation_direction=&#8220;%22fade_in%22&#8243; animation_starting_opacity=&#8220;20%&#8220; header_2_font_size_tablet=&#8220;60px&#8220; header_2_font_size_phone=&#8220;42px&#8220; header_2_font_size_last_edited=&#8220;on|phone&#8220; global_colors_info=&#8220;{}&#8220;]<\/p>\n<h2>Destinations<\/h2>\n<p>[\/et_pb_text][\/et_pb_column][\/et_pb_row][et_pb_row column_structure=&#8220;1_3,1_3,1_3&#8243; use_custom_gutter=&#8220;on&#8220; gutter_width=&#8220;2&#8243; make_equal=&#8220;on&#8220; column_padding_mobile=&#8220;on&#8220; admin_label=&#8220;row&#8220; _builder_version=&#8220;4.27.4&#8243; background_size=&#8220;initial&#8220; background_position=&#8220;top_left&#8220; background_repeat=&#8220;repeat&#8220; custom_padding=&#8220;2vw||||false|false&#8220; make_fullwidth=&#8220;off&#8220; use_custom_width=&#8220;off&#8220; width_unit=&#8220;on&#8220; global_colors_info=&#8220;{}&#8220;][et_pb_column type=&#8220;1_3&#8243; _builder_version=&#8220;4.27.4&#8243; custom_padding=&#8220;|||&#8220; border_radii=&#8220;on|5px|5px|5px|5px&#8220; border_width_all=&#8220;1px&#8220; border_color_all=&#8220;#000000&#8243; global_colors_info=&#8220;{}&#8220; custom_padding__hover=&#8220;|||&#8220;][et_pb_image src=&#8220;https:\/\/africarunningtours.com\/wp-content\/uploads\/Safaricom-Marathon.jpg&#8220; title_text=&#8220;Kenya Wildlife-Marathon&#8220; _builder_version=&#8220;4.27.4&#8243; _module_preset=&#8220;default&#8220; custom_margin=&#8220;||0px||false|false&#8220; global_colors_info=&#8220;{}&#8220;][\/et_pb_image][et_pb_text module_class=&#8220;textonimage&#8220; _builder_version=&#8220;4.27.4&#8243; _module_preset=&#8220;default&#8220; header_5_text_color=&#8220;#8a9b68&#8243; header_5_font_size=&#8220;26px&#8220; custom_padding=&#8220;1vw||1vw|2vw|false|false&#8220; custom_padding_tablet=&#8220;1vw||1vw|2vw|false|false&#8220; custom_padding_phone=&#8220;1vw||1vw|2vw|false|false&#8220; custom_padding_last_edited=&#8220;on|desktop&#8220; global_colors_info=&#8220;{}&#8220;]<\/p>\n<h5>Kenya<\/h5>\n<p>[\/et_pb_text][\/et_pb_column][et_pb_column type=&#8220;1_3&#8243; _builder_version=&#8220;4.27.4&#8243; custom_padding=&#8220;|||&#8220; border_radii=&#8220;on|5px|5px|5px|5px&#8220; border_width_all=&#8220;1px&#8220; border_color_all=&#8220;#000000&#8243; global_colors_info=&#8220;{}&#8220; custom_padding__hover=&#8220;|||&#8220;][et_pb_image src=&#8220;https:\/\/africarunningtours.com\/wp-content\/uploads\/resize3-1.jpg&#8220; title_text=&#8220;Kenya Wildlife-Marathon&#8220; _builder_version=&#8220;4.27.4&#8243; _module_preset=&#8220;default&#8220; custom_margin=&#8220;||0px||false|false&#8220; global_colors_info=&#8220;{}&#8220;][\/et_pb_image][et_pb_text module_class=&#8220;textonimage&#8220; _builder_version=&#8220;4.27.4&#8243; _module_preset=&#8220;default&#8220; header_5_text_color=&#8220;#8a9b68&#8243; header_5_font_size=&#8220;26px&#8220; custom_padding=&#8220;1vw||1vw|2vw|false|false&#8220; global_colors_info=&#8220;{}&#8220;]<\/p>\n<h5>Ethiopia<\/h5>\n<p>[\/et_pb_text][\/et_pb_column][et_pb_column type=&#8220;1_3&#8243; _builder_version=&#8220;4.27.4&#8243; custom_padding=&#8220;|||&#8220; border_radii=&#8220;on|5px|5px|5px|5px&#8220; border_width_all=&#8220;1px&#8220; border_color_all=&#8220;#000000&#8243; global_colors_info=&#8220;{}&#8220; custom_padding__hover=&#8220;|||&#8220;][et_pb_image src=&#8220;https:\/\/africarunningtours.com\/wp-content\/uploads\/Uganda-marathon-children-firewood-credit-Peter-Wilson-crop.jpg&#8220; title_text=&#8220;Kenya Wildlife-Marathon&#8220; _builder_version=&#8220;4.27.4&#8243; _module_preset=&#8220;default&#8220; custom_margin=&#8220;||0px||false|false&#8220; global_colors_info=&#8220;{}&#8220;][\/et_pb_image][et_pb_text module_class=&#8220;textonimage&#8220; _builder_version=&#8220;4.27.4&#8243; _module_preset=&#8220;default&#8220; header_5_text_color=&#8220;#8a9b68&#8243; header_5_font_size=&#8220;26px&#8220; custom_padding=&#8220;1vw||1vw|2vw|false|false&#8220; global_colors_info=&#8220;{}&#8220;]<\/p>\n<h5>Uganda<\/h5>\n<p>[\/et_pb_text][\/et_pb_column][\/et_pb_row][\/et_pb_section][et_pb_section fb_built=&#8220;1&#8243; admin_label=&#8220;CTA&#8220; _builder_version=&#8220;4.27.4&#8243; background_image=&#8220;https:\/\/africarunningtours.com\/wp-content\/uploads\/AdobeStock_519872286_Preview.jpeg&#8220; background_position=&#8220;top_center&#8220; custom_margin=&#8220;|||&#8220; custom_padding=&#8220;0px||||false|false&#8220; global_colors_info=&#8220;{}&#8220;][et_pb_row use_custom_gutter=&#8220;on&#8220; gutter_width=&#8220;1&#8243; custom_padding_last_edited=&#8220;on|tablet&#8220; module_class=&#8220; et_pb_row_fullwidth&#8220; _builder_version=&#8220;4.27.4&#8243; use_background_color_gradient=&#8220;on&#8220; background_color_gradient_stops=&#8220;#ffffff 0%|rgba(255,255,255,0) 22%&#8220; background_color_gradient_start=&#8220;#ffffff&#8220; background_color_gradient_end=&#8220;rgba(255,255,255,0)&#8220; background_color_gradient_end_position=&#8220;22%&#8220; background_size=&#8220;initial&#8220; background_position=&#8220;top_left&#8220; background_repeat=&#8220;repeat&#8220; width=&#8220;100%&#8220; width_tablet=&#8220;100%&#8220; width_phone=&#8220;100%&#8220; width_last_edited=&#8220;on|desktop&#8220; max_width=&#8220;100%&#8220; max_width_tablet=&#8220;100%&#8220; max_width_phone=&#8220;100%&#8220; max_width_last_edited=&#8220;on|desktop&#8220; custom_padding=&#8220;198px|0px|220px|0px||&#8220; custom_padding_tablet=&#8220;0px|||&#8220; custom_padding_phone=&#8220;&#8220; make_fullwidth=&#8220;on&#8220; global_colors_info=&#8220;{}&#8220;][et_pb_column type=&#8220;4_4&#8243; _builder_version=&#8220;4.27.4&#8243; custom_padding=&#8220;|||&#8220; global_colors_info=&#8220;{}&#8220; custom_padding__hover=&#8220;|||&#8220;][et_pb_text admin_label=&#8220;CTA Section Title&#8220; _builder_version=&#8220;4.27.4&#8243; text_font=&#8220;||||&#8220; text_line_height=&#8220;1em&#8220; header_font=&#8220;Oswald|on||on|&#8220; header_text_align=&#8220;center&#8220; header_font_size=&#8220;60px&#8220; header_line_height=&#8220;1.3em&#8220; background_size=&#8220;initial&#8220; background_position=&#8220;top_left&#8220; background_repeat=&#8220;repeat&#8220; module_alignment=&#8220;center&#8220; custom_margin=&#8220;||60px|&#8220; custom_padding=&#8220;|||&#8220; animation_style=&#8220;fade&#8220; animation_direction=&#8220;top&#8220; animation_duration=&#8220;1250ms&#8220; animation_starting_opacity=&#8220;20%&#8220; header_font_size_tablet=&#8220;60px&#8220; header_font_size_phone=&#8220;42px&#8220; header_font_size_last_edited=&#8220;on|phone&#8220; locked=&#8220;off&#8220; global_colors_info=&#8220;{}&#8220;]<\/p>\n<h1>What are you waiting for?<\/h1>\n<p>[\/et_pb_text][et_pb_button button_text=&#8220;Get In Touch&#8220; button_alignment=&#8220;center&#8220; _builder_version=&#8220;4.27.4&#8243; custom_button=&#8220;on&#8220; button_text_color=&#8220;#ffffff&#8220; button_bg_color=&#8220;#931f1d&#8220; button_border_color=&#8220;#931f1d&#8220; button_border_radius=&#8220;0px&#8220; button_letter_spacing=&#8220;4px&#8220; button_font=&#8220;Oswald|on||on|&#8220; button_icon=&#8220;&#xf35a;||fa||900&#8243; button_icon_color=&#8220;#FFFFFF&#8220; animation_style=&#8220;fade&#8220; animation_duration=&#8220;1250ms&#8220; animation_starting_opacity=&#8220;20%&#8220; button_border_color_hover=&#8220;#1a1a1a&#8220; button_border_radius_hover=&#8220;0px&#8220; button_letter_spacing_hover=&#8220;4px&#8220; button_bg_color_hover=&#8220;rgba(0,0,0,0)&#8220; locked=&#8220;off&#8220; global_colors_info=&#8220;{}&#8220; button_text_size__hover_enabled=&#8220;off&#8220; button_one_text_size__hover_enabled=&#8220;off&#8220; button_two_text_size__hover_enabled=&#8220;off&#8220; button_text_color__hover_enabled=&#8220;off&#8220; button_one_text_color__hover_enabled=&#8220;off&#8220; button_two_text_color__hover_enabled=&#8220;off&#8220; button_border_width__hover_enabled=&#8220;off&#8220; button_one_border_width__hover_enabled=&#8220;off&#8220; button_two_border_width__hover_enabled=&#8220;off&#8220; button_border_color__hover_enabled=&#8220;on&#8220; button_border_color__hover=&#8220;#1a1a1a&#8220; button_one_border_color__hover_enabled=&#8220;off&#8220; button_two_border_color__hover_enabled=&#8220;off&#8220; button_border_radius__hover_enabled=&#8220;on&#8220; button_border_radius__hover=&#8220;0px&#8220; button_one_border_radius__hover_enabled=&#8220;off&#8220; button_two_border_radius__hover_enabled=&#8220;off&#8220; button_letter_spacing__hover_enabled=&#8220;on&#8220; button_letter_spacing__hover=&#8220;4px&#8220; button_one_letter_spacing__hover_enabled=&#8220;off&#8220; button_two_letter_spacing__hover_enabled=&#8220;off&#8220; button_bg_color__hover_enabled=&#8220;on|hover&#8220; button_bg_color__hover=&#8220;#931f1d&#8220; button_one_bg_color__hover_enabled=&#8220;off&#8220; button_two_bg_color__hover_enabled=&#8220;off&#8220; button_bg_enable_color__hover=&#8220;on&#8220;][\/et_pb_button][\/et_pb_column][\/et_pb_row][\/et_pb_section]<\/p>\n","protected":false},"excerpt":{"rendered":"<p>Have a fantastic time and a lot of funA warm Hello to All Running Enthusiasts!Africa Running Tours is a division of Welcome Africa Tours, dedicated specifically to running-themed travel in Africa.We take runners of all levels to selected places in Africa with ideal training conditions, stunning trails and unique cultural experience. We also prepare hobby [&hellip;]<\/p>\n","protected":false},"author":2,"featured_media":0,"parent":0,"menu_order":0,"comment_status":"closed","ping_status":"closed","template":"","meta":{"_et_pb_use_builder":"on","_et_pb_old_content":"","_et_gb_content_width":"","footnotes":""},"class_list":["post-7925","page","type-page","status-publish","hentry"],"yoast_head":"<!-- This site is optimized with the Yoast SEO plugin v27.4 - https:\/\/yoast.com\/product\/yoast-seo-wordpress\/ -->\n<title>Home - Africa Running Tours<\/title>\n<meta name=\"description\" content=\"Running Tours in Africa - Running Themed Travel and Activities in Ethiopia, Uganda and Kenya\" \/>\n<meta name=\"robots\" content=\"noindex, follow, max-snippet:-1, max-image-preview:large, max-video-preview:-1\" \/>\n<meta property=\"og:locale\" content=\"de_DE\" \/>\n<meta property=\"og:type\" content=\"article\" \/>\n<meta property=\"og:title\" content=\"Home - Africa Running Tours\" \/>\n<meta property=\"og:description\" content=\"Running Tours in Africa - Running Themed Travel and Activities in Ethiopia, Uganda and Kenya\" \/>\n<meta property=\"og:url\" content=\"https:\/\/africarunningtours.com\/home-2\/\" \/>\n<meta property=\"og:site_name\" content=\"Africa Running Tours\" \/>\n<meta property=\"article:publisher\" content=\"https:\/\/www.facebook.com\/africarunningtours\/\" \/>\n<meta property=\"og:image\" content=\"https:\/\/africarunningtours.com\/wp-content\/uploads\/Africa-Running-Tours-Social-Logo.jpg\" \/>\n\t<meta property=\"og:image:width\" content=\"1200\" \/>\n\t<meta property=\"og:image:height\" content=\"675\" \/>\n\t<meta property=\"og:image:type\" content=\"image\/jpeg\" \/>\n<meta name=\"twitter:card\" content=\"summary_large_image\" \/>\n<meta name=\"twitter:label1\" content=\"Gesch\u00e4tzte Lesezeit\" \/>\n\t<meta name=\"twitter:data1\" content=\"2\u00a0Minuten\" \/>\n<script type=\"application\/ld+json\" class=\"yoast-schema-graph\">{\"@context\":\"https:\\\/\\\/schema.org\",\"@graph\":[{\"@type\":\"WebPage\",\"@id\":\"https:\\\/\\\/africarunningtours.com\\\/home-2\\\/\",\"url\":\"https:\\\/\\\/africarunningtours.com\\\/home-2\\\/\",\"name\":\"Home - Africa Running Tours\",\"isPartOf\":{\"@id\":\"https:\\\/\\\/africarunningtours.com\\\/#website\"},\"datePublished\":\"2025-07-31T08:55:18+00:00\",\"description\":\"Running Tours in Africa - Running Themed Travel and Activities in Ethiopia, Uganda and Kenya\",\"breadcrumb\":{\"@id\":\"https:\\\/\\\/africarunningtours.com\\\/home-2\\\/#breadcrumb\"},\"inLanguage\":\"de\",\"potentialAction\":[{\"@type\":\"ReadAction\",\"target\":[\"https:\\\/\\\/africarunningtours.com\\\/home-2\\\/\"]}]},{\"@type\":\"BreadcrumbList\",\"@id\":\"https:\\\/\\\/africarunningtours.com\\\/home-2\\\/#breadcrumb\",\"itemListElement\":[{\"@type\":\"ListItem\",\"position\":1,\"name\":\"Home\",\"item\":\"https:\\\/\\\/africarunningtours.com\\\/home-2\\\/\"},{\"@type\":\"ListItem\",\"position\":2,\"name\":\"Home\"}]},{\"@type\":\"WebSite\",\"@id\":\"https:\\\/\\\/africarunningtours.com\\\/#website\",\"url\":\"https:\\\/\\\/africarunningtours.com\\\/\",\"name\":\"Africa Running Tours\",\"description\":\"[:en]Running Tours in Ethiopia - Running Themed Travel and Activities in Ethiopia &amp; Africa[:de]Lauftouren in \u00c4thiopien - Themenreisen und Aktivit\u00e4ten in \u00c4thiopien und Afrika[:fr]Running Tours in Ethiopia - Organiser des voyages et activit\u00e9s th\u00e9matiques en Ethiopie et en Afrique[:]\",\"publisher\":{\"@id\":\"https:\\\/\\\/africarunningtours.com\\\/#organization\"},\"potentialAction\":[{\"@type\":\"SearchAction\",\"target\":{\"@type\":\"EntryPoint\",\"urlTemplate\":\"https:\\\/\\\/africarunningtours.com\\\/?s={search_term_string}\"},\"query-input\":{\"@type\":\"PropertyValueSpecification\",\"valueRequired\":true,\"valueName\":\"search_term_string\"}}],\"inLanguage\":\"de\"},{\"@type\":\"Organization\",\"@id\":\"https:\\\/\\\/africarunningtours.com\\\/#organization\",\"name\":\"Africa Running Tours\",\"url\":\"https:\\\/\\\/africarunningtours.com\\\/\",\"logo\":{\"@type\":\"ImageObject\",\"inLanguage\":\"de\",\"@id\":\"https:\\\/\\\/africarunningtours.com\\\/#\\\/schema\\\/logo\\\/image\\\/\",\"url\":\"https:\\\/\\\/africarunningtours.com\\\/wp-content\\\/uploads\\\/cropped-Africa-Running-Tours-Favicon-1.png\",\"contentUrl\":\"https:\\\/\\\/africarunningtours.com\\\/wp-content\\\/uploads\\\/cropped-Africa-Running-Tours-Favicon-1.png\",\"width\":512,\"height\":512,\"caption\":\"Africa Running Tours\"},\"image\":{\"@id\":\"https:\\\/\\\/africarunningtours.com\\\/#\\\/schema\\\/logo\\\/image\\\/\"},\"sameAs\":[\"https:\\\/\\\/www.facebook.com\\\/africarunningtours\\\/\",\"https:\\\/\\\/et.linkedin.com\\\/company\\\/africarunningtours\"]}]}<\/script>\n<!-- \/ Yoast SEO plugin. -->","yoast_head_json":{"title":"Home - Africa Running Tours","description":"Running Tours in Africa - Running Themed Travel and Activities in Ethiopia, Uganda and Kenya","robots":{"index":"noindex","follow":"follow","max-snippet":"max-snippet:-1","max-image-preview":"max-image-preview:large","max-video-preview":"max-video-preview:-1"},"og_locale":"de_DE","og_type":"article","og_title":"Home - Africa Running Tours","og_description":"Running Tours in Africa - Running Themed Travel and Activities in Ethiopia, Uganda and Kenya","og_url":"https:\/\/africarunningtours.com\/home-2\/","og_site_name":"Africa Running Tours","article_publisher":"https:\/\/www.facebook.com\/africarunningtours\/","og_image":[{"width":1200,"height":675,"url":"https:\/\/africarunningtours.com\/wp-content\/uploads\/Africa-Running-Tours-Social-Logo.jpg","type":"image\/jpeg"}],"twitter_card":"summary_large_image","twitter_misc":{"Gesch\u00e4tzte Lesezeit":"2\u00a0Minuten"},"schema":{"@context":"https:\/\/schema.org","@graph":[{"@type":"WebPage","@id":"https:\/\/africarunningtours.com\/home-2\/","url":"https:\/\/africarunningtours.com\/home-2\/","name":"Home - Africa Running Tours","isPartOf":{"@id":"https:\/\/africarunningtours.com\/#website"},"datePublished":"2025-07-31T08:55:18+00:00","description":"Running Tours in Africa - Running Themed Travel and Activities in Ethiopia, Uganda and Kenya","breadcrumb":{"@id":"https:\/\/africarunningtours.com\/home-2\/#breadcrumb"},"inLanguage":"de","potentialAction":[{"@type":"ReadAction","target":["https:\/\/africarunningtours.com\/home-2\/"]}]},{"@type":"BreadcrumbList","@id":"https:\/\/africarunningtours.com\/home-2\/#breadcrumb","itemListElement":[{"@type":"ListItem","position":1,"name":"Home","item":"https:\/\/africarunningtours.com\/home-2\/"},{"@type":"ListItem","position":2,"name":"Home"}]},{"@type":"WebSite","@id":"https:\/\/africarunningtours.com\/#website","url":"https:\/\/africarunningtours.com\/","name":"Africa Running Tours","description":"[:en]Running Tours in Ethiopia - Running Themed Travel and Activities in Ethiopia &amp; Africa[:de]Lauftouren in \u00c4thiopien - Themenreisen und Aktivit\u00e4ten in \u00c4thiopien und Afrika[:fr]Running Tours in Ethiopia - Organiser des voyages et activit\u00e9s th\u00e9matiques en Ethiopie et en Afrique[:]","publisher":{"@id":"https:\/\/africarunningtours.com\/#organization"},"potentialAction":[{"@type":"SearchAction","target":{"@type":"EntryPoint","urlTemplate":"https:\/\/africarunningtours.com\/?s={search_term_string}"},"query-input":{"@type":"PropertyValueSpecification","valueRequired":true,"valueName":"search_term_string"}}],"inLanguage":"de"},{"@type":"Organization","@id":"https:\/\/africarunningtours.com\/#organization","name":"Africa Running Tours","url":"https:\/\/africarunningtours.com\/","logo":{"@type":"ImageObject","inLanguage":"de","@id":"https:\/\/africarunningtours.com\/#\/schema\/logo\/image\/","url":"https:\/\/africarunningtours.com\/wp-content\/uploads\/cropped-Africa-Running-Tours-Favicon-1.png","contentUrl":"https:\/\/africarunningtours.com\/wp-content\/uploads\/cropped-Africa-Running-Tours-Favicon-1.png","width":512,"height":512,"caption":"Africa Running Tours"},"image":{"@id":"https:\/\/africarunningtours.com\/#\/schema\/logo\/image\/"},"sameAs":["https:\/\/www.facebook.com\/africarunningtours\/","https:\/\/et.linkedin.com\/company\/africarunningtours"]}]}},"_links":{"self":[{"href":"https:\/\/africarunningtours.com\/de\/wp-json\/wp\/v2\/pages\/7925","targetHints":{"allow":["GET"]}}],"collection":[{"href":"https:\/\/africarunningtours.com\/de\/wp-json\/wp\/v2\/pages"}],"about":[{"href":"https:\/\/africarunningtours.com\/de\/wp-json\/wp\/v2\/types\/page"}],"author":[{"embeddable":true,"href":"https:\/\/africarunningtours.com\/de\/wp-json\/wp\/v2\/users\/2"}],"replies":[{"embeddable":true,"href":"https:\/\/africarunningtours.com\/de\/wp-json\/wp\/v2\/comments?post=7925"}],"version-history":[{"count":1,"href":"https:\/\/africarunningtours.com\/de\/wp-json\/wp\/v2\/pages\/7925\/revisions"}],"predecessor-version":[{"id":7926,"href":"https:\/\/africarunningtours.com\/de\/wp-json\/wp\/v2\/pages\/7925\/revisions\/7926"}],"wp:attachment":[{"href":"https:\/\/africarunningtours.com\/de\/wp-json\/wp\/v2\/media?parent=7925"}],"curies":[{"name":"wp","href":"https:\/\/api.w.org\/{rel}","templated":true}]}}